{"id":12,"date":"2021-01-29T09:13:34","date_gmt":"2021-01-29T09:13:34","guid":{"rendered":"http:\/\/new.zwkp.nq.pl\/?page_id=12"},"modified":"2024-08-01T07:18:02","modified_gmt":"2024-08-01T07:18:02","slug":"kontakt","status":"publish","type":"page","link":"http:\/\/zkwp-koszalin.pl\/?page_id=12","title":{"rendered":"Kontakt"},"content":{"rendered":"\n<p class=\"has-text-align-center\">Zwi\u0105zek Kynologiczny w Polsce Oddzia\u0142 w Koszalinie informuje o zmianie adresu siedziby oddzia\u0142u:<\/p>\n\n\n\n<hr class=\"wp-block-separator has-css-opacity\"\/>\n\n\n<div class=\"wp-block-image\">\n<figure class=\"aligncenter size-full\"><img loading=\"lazy\" decoding=\"async\" width=\"719\" height=\"650\" src=\"http:\/\/zkwp-koszalin.pl\/wp-content\/uploads\/2024\/08\/jak-dojechac-do-siedziby-oddzialu.png\" alt=\"\" class=\"wp-image-3287\" srcset=\"http:\/\/zkwp-koszalin.pl\/wp-content\/uploads\/2024\/08\/jak-dojechac-do-siedziby-oddzialu.png 719w, http:\/\/zkwp-koszalin.pl\/wp-content\/uploads\/2024\/08\/jak-dojechac-do-siedziby-oddzialu-300x271.png 300w\" sizes=\"auto, (max-width: 719px) 100vw, 719px\" \/><\/figure>\n<\/div>\n\n\n<p class=\"has-text-align-center\"><strong>Zwi\u0105zek Kynologiczny w Polsce<\/strong><br><strong>Oddzia\u0142 w Koszalinie<\/strong><br>1 Maja 36<br>75-800 Koszalin<\/p>\n\n\n\n<p class=\"has-text-align-center\">Adres email: <a href=\"mailto:biuro@zkwp-koszalin.pl\">biuro@zkwp-koszalin.pl<\/a><\/p>\n\n\n\n<p><strong>Biuro Oddzia\u0142u czynne b\u0119dzie w ka\u017cdy wtorek i pi\u0105tek w godz. 16-19:00. Zapraszamy!<\/strong><\/p>\n\n\n\n<p><strong>Kontakt telefoniczny:&nbsp;codziennie&nbsp;<mark style=\"background-color:rgba(0, 0, 0, 0)\" class=\"has-inline-color has-luminous-vivid-orange-color\">w godz. 16:00-19:00<\/mark>&nbsp;(opr\u00f3cz sob\u00f3t i niedziel)&nbsp;pod numerem telefonu: 883 886 884<\/strong>.<\/p>\n\n\n\n<hr class=\"wp-block-separator has-css-opacity\"\/>\n\n\n\n<p>Zapraszamy na nasz\u0105 stron\u0119 internetow\u0105, gdzie umieszczamy informacje dotycz\u0105ce dzia\u0142alno\u015bci naszego Oddzia\u0142u.<\/p>\n\n\n\n<p><strong>konto bankowe<\/strong><br>Bank Polska Kasa Opieki S.A. Grupa PeKaO S.A. II O\/Koszalin<br>95 1240 3653 1111 0000 4188 3468<\/p>\n\n\n\n<p><strong>P\u0142atno\u015bci przelewem na konto Oddzia\u0142u:<\/strong><\/p>\n\n\n\n<figure class=\"wp-block-image size-full\"><img loading=\"lazy\" decoding=\"async\" width=\"800\" height=\"292\" src=\"http:\/\/zkwp-koszalin.pl\/wp-content\/uploads\/2024\/05\/proxy.png\" alt=\"\" class=\"wp-image-3180\" srcset=\"http:\/\/zkwp-koszalin.pl\/wp-content\/uploads\/2024\/05\/proxy.png 800w, http:\/\/zkwp-koszalin.pl\/wp-content\/uploads\/2024\/05\/proxy-300x110.png 300w, http:\/\/zkwp-koszalin.pl\/wp-content\/uploads\/2024\/05\/proxy-768x280.png 768w\" sizes=\"auto, (max-width: 800px) 100vw, 800px\" \/><\/figure>\n\n\n\n<p><strong>P\u0142atno\u015bci przelewem na konto Oddzia\u0142u musz\u0105 by\u0107 dok\u0142adnie opisane&nbsp;<\/strong>\u2013 kto i za co dokona\u0142 wp\u0142aty NP:&nbsp; \u201ekarta krycia 1x, karta miotu 1x, metryki 6x, Jan Kowalski\u201d.<br>Braku opisu spowoduje, \u017ce&nbsp;ksi\u0119gowo\u015b\u0107 b\u0119dzie zwraca\u0142a si\u0119 oficjalne mailem o wyja\u015bnienie do przelewu. Prawid\u0142owo opisane przelewy zaoszcz\u0119dz\u0105 Pa\u0144stwu i nam dodatkowej pracy.<\/p>\n","protected":false},"excerpt":{"rendered":"<p>Zwi\u0105zek Kynologiczny w Polsce Oddzia\u0142 w Koszalinie informuje o zmianie adresu siedziby oddzia\u0142u: Zwi\u0105zek Kynologiczny w PolsceOddzia\u0142 w Koszalinie1 Maja 3675-800 Koszalin Adres email: biuro@zkwp-koszalin.pl&hellip; <\/p>\n","protected":false},"author":1,"featured_media":0,"parent":0,"menu_order":0,"comment_status":"closed","ping_status":"closed","template":"","meta":{"footnotes":""},"class_list":["post-12","page","type-page","status-publish","hentry"],"a3_pvc":{"activated":false,"total_views":1,"today_views":0},"_links":{"self":[{"href":"http:\/\/zkwp-koszalin.pl\/index.php?rest_route=\/wp\/v2\/pages\/12","targetHints":{"allow":["GET"]}}],"collection":[{"href":"http:\/\/zkwp-koszalin.pl\/index.php?rest_route=\/wp\/v2\/pages"}],"about":[{"href":"http:\/\/zkwp-koszalin.pl\/index.php?rest_route=\/wp\/v2\/types\/page"}],"author":[{"embeddable":true,"href":"http:\/\/zkwp-koszalin.pl\/index.php?rest_route=\/wp\/v2\/users\/1"}],"replies":[{"embeddable":true,"href":"http:\/\/zkwp-koszalin.pl\/index.php?rest_route=%2Fwp%2Fv2%2Fcomments&post=12"}],"version-history":[{"count":31,"href":"http:\/\/zkwp-koszalin.pl\/index.php?rest_route=\/wp\/v2\/pages\/12\/revisions"}],"predecessor-version":[{"id":3288,"href":"http:\/\/zkwp-koszalin.pl\/index.php?rest_route=\/wp\/v2\/pages\/12\/revisions\/3288"}],"wp:attachment":[{"href":"http:\/\/zkwp-koszalin.pl\/index.php?rest_route=%2Fwp%2Fv2%2Fmedia&parent=12"}],"curies":[{"name":"wp","href":"https:\/\/api.w.org\/{rel}","templated":true}]}}