{"id":1242,"date":"2021-07-13T06:37:21","date_gmt":"2021-07-13T06:37:21","guid":{"rendered":"http:\/\/zkwp-koszalin.pl\/?page_id=1242"},"modified":"2021-07-29T05:48:09","modified_gmt":"2021-07-29T05:48:09","slug":"krajowa-wystawa-terierow","status":"publish","type":"page","link":"http:\/\/zkwp-koszalin.pl\/?page_id=1242","title":{"rendered":"Krajowa Wystawa Terier\u00f3w"},"content":{"rendered":"\n<p class=\"has-text-align-center\">Data:&nbsp;<strong><span style=\"color:#ff0000\" class=\"has-inline-color\">06.08.2021 r&nbsp;<\/span><\/strong><br>Miejsce:&nbsp;<strong>Manowo<\/strong><\/p>\n\n\n\n<p class=\"has-text-align-center\">Obsada s\u0119dziowska:\u00a0<br><strong>ANDRZEJ SZUTKIEWICZ\u00a0 &#8211; TERRIERY TYPU BULL +\u00a0YORKSHIRE TERRIER<br>PIOTR\u00a0 KR\u00d3L\u00a0&#8211; POZOSTA\u0141E<\/strong><\/p>\n\n\n\n<div class=\"wp-block-image\"><figure class=\"aligncenter size-large is-resized\"><img loading=\"lazy\" decoding=\"async\" src=\"http:\/\/zkwp-koszalin.pl\/wp-content\/uploads\/2021\/07\/Logo_JOSERAmitClaim_auf-transparent-1-1024x536.png\" alt=\"\" class=\"wp-image-1345\" width=\"374\" height=\"194\"\/><\/figure><\/div>\n\n\n\n<p class=\"has-text-align-center\">Mi\u0142o nam poinformowa\u0107, \u017ce podczas Krajowej Wystawy Terier\u00f3w 06.08.2021r oraz Krajowej Wystawy Ps\u00f3w Rasowych 08.08.2021r naszym sponsorem jest firma Josera \u2013 producent karm dla ps\u00f3w i kot\u00f3w Super Premium i Premium <a href=\"https:\/\/l.facebook.com\/l.php?u=http%3A%2F%2Fwww.joserapartner.pl%2F%3Ffbclid%3DIwAR3Pl-vBR0_hqv5TQpP8m84y2shsn6kjoPkf7S6Jr6AdNqzf9zBK1abcxNg&amp;h=AT3bvFWTMtEDMlIyfvOdL58-dSKmXXpxuRJBeg6BddeygM6dUJljh-d2bDUt1l1qDhoH6pYzhgsijRa1XddnkkpZEq6g3Ap_C2o4zOeIgIVzqn9FFRW_egR4Nox9MJwDMq-w&amp;__tn__=-UK-R&amp;c[0]=AT1ofzT7c60nifHfFJ3h3n5MlWgDsr8TeZPcWECa1avJy8ty3xrsJ-qPsVdPGUdmV6uJtVXq0coGNyvSg3VVaby61bzEAz6ls0WfHgxlw9Lml37V4r62_eiEDBIEUuB74QqX-Q77oCcAtYLvPEQN4taiGVXUOAYUNLk8hYbiUUexKKmH-g\">www.joserapartner.pl<\/a><\/p>\n\n\n\n<p class=\"has-text-align-center\"><img loading=\"lazy\" decoding=\"async\" width=\"450\" height=\"628\" class=\"wp-image-1347\" style=\"width: 450px;\" src=\"http:\/\/zkwp-koszalin.pl\/wp-content\/uploads\/2021\/07\/post-facebook.jpg\" alt=\"\" srcset=\"http:\/\/zkwp-koszalin.pl\/wp-content\/uploads\/2021\/07\/post-facebook.jpg 623w, http:\/\/zkwp-koszalin.pl\/wp-content\/uploads\/2021\/07\/post-facebook-215x300.jpg 215w\" sizes=\"auto, (max-width: 450px) 100vw, 450px\" \/><br><br>Kluczowym elementem sk\u0142adaj\u0105cym si\u0119 na jako\u015b\u0107 karm Josera jest wyb\u00f3r najbardziej naturalnych i wysokowarto\u015bciowych sk\u0142adnik\u00f3w. Karmy nie zawieraj\u0105 pszenicy, soi, sztucznych barwnik\u00f3w, aromat\u00f3w i konserwant\u00f3w, a komponenty mi\u0119sne posiadaj\u0105 jako\u015b\u0107 wymagan\u0105 przy produkcji \u017cywno\u015bci dla ludzi.<br>Ka\u017cdy sk\u0142adnik jest dok\u0142adnie badany w swoim w\u0142asnym akredytowanym laboratorium w Niemczech.<br>Znajdziecie u nich karmy dla suk szczennych i karmi\u0105cych, bezzbo\u017cowe, monobia\u0142kowe jak i hypoalergiczne.<br>Wszystkich Hodowc\u00f3w zach\u0119camy do rejestracji na Platformie dla Hodowc\u00f3w Josera na stronie:<br><a href=\"https:\/\/l.facebook.com\/l.php?u=http%3A%2F%2Fwww.joserapartner.pl%2F%3Ffbclid%3DIwAR34ErS9BFdd3WCiTZkWttxaOSLclXVh1FVzWtGKNG-z6Yl48VJ_A-C_1TI&amp;h=AT3bvFWTMtEDMlIyfvOdL58-dSKmXXpxuRJBeg6BddeygM6dUJljh-d2bDUt1l1qDhoH6pYzhgsijRa1XddnkkpZEq6g3Ap_C2o4zOeIgIVzqn9FFRW_egR4Nox9MJwDMq-w&amp;__tn__=-UK-R&amp;c[0]=AT1ofzT7c60nifHfFJ3h3n5MlWgDsr8TeZPcWECa1avJy8ty3xrsJ-qPsVdPGUdmV6uJtVXq0coGNyvSg3VVaby61bzEAz6ls0WfHgxlw9Lml37V4r62_eiEDBIEUuB74QqX-Q77oCcAtYLvPEQN4taiGVXUOAYUNLk8hYbiUUexKKmH-g\">www.joserapartner.pl<\/a><br><br>Dzi\u0119ki temu zyskaj\u0105 Pa\u0144stwo ni\u017csze ceny na zakup karm, dost\u0119pne tylko dla Hodowc\u00f3w.<br>Poprzez Platform\u0119 mo\u017cna zamawia\u0107 r\u00f3wnie\u017c bezp\u0142atne wyprawki dla szczeni\u0105t.<\/p>\n\n\n\n<p class=\"has-text-align-center\"><strong>Zg\u0142oszenia:<\/strong><\/p>\n\n\n\n<div class=\"wp-block-image\"><figure class=\"aligncenter\"><a href=\"http:\/\/www.wystawy.net\/\" target=\"_blank\" rel=\"noreferrer noopener\"><img loading=\"lazy\" decoding=\"async\" width=\"373\" height=\"67\" src=\"http:\/\/zkwp-koszalin.pl\/wp-content\/uploads\/2021\/05\/pl_wystawy_net.jpg\" alt=\"\" class=\"wp-image-1094\" srcset=\"http:\/\/zkwp-koszalin.pl\/wp-content\/uploads\/2021\/05\/pl_wystawy_net.jpg 373w, http:\/\/zkwp-koszalin.pl\/wp-content\/uploads\/2021\/05\/pl_wystawy_net-300x54.jpg 300w\" sizes=\"auto, (max-width: 373px) 100vw, 373px\" \/><\/a><\/figure><\/div>\n\n\n\n<p class=\"has-text-align-center\"><strong>Op\u0142aty:<\/strong><br>Pierwszy pies &#8211; 120 z\u0142<br>Drugi i kolejne &#8211; 110 z\u0142<br>M\u0142odsze szczeni\u0119ta , szczeni\u0119ta , weterany &#8211; 60 z\u0142 \/ rasy polskie 30 z\u0142<br>Interchampiony &#8211; 60 z\u0142<br>Para hodowlana, grupa hodowlana &#8211; 40 z\u0142<\/p>\n\n\n\n<p class=\"has-text-align-center\">Op\u0142aty w EURO<br>Pierwszy pies &#8211; 40 euro<br>Drugi i kolejne &#8211; 30 euro<br>M\u0142odsze szczeni\u0119 , szczeni\u0119 , weteran &#8211; 20 euro \/ rasy polskie 10 euro<br>Interchampion &#8211; 20 euro<br>Para hodowlana, grupa hodowlana &#8211; 10 euro<\/p>\n","protected":false},"excerpt":{"rendered":"<p>Data:&nbsp;06.08.2021 r&nbsp;Miejsce:&nbsp;Manowo Obsada s\u0119dziowska:\u00a0ANDRZEJ SZUTKIEWICZ\u00a0 &#8211; TERRIERY TYPU BULL +\u00a0YORKSHIRE TERRIERPIOTR\u00a0 KR\u00d3L\u00a0&#8211; POZOSTA\u0141E Mi\u0142o nam poinformowa\u0107, \u017ce podczas Krajowej Wystawy Terier\u00f3w 06.08.2021r oraz Krajowej Wystawy&hellip; <\/p>\n","protected":false},"author":1,"featured_media":0,"parent":74,"menu_order":3,"comment_status":"closed","ping_status":"closed","template":"","meta":{"footnotes":""},"class_list":["post-1242","page","type-page","status-publish","hentry"],"_links":{"self":[{"href":"http:\/\/zkwp-koszalin.pl\/index.php?rest_route=\/wp\/v2\/pages\/1242","targetHints":{"allow":["GET"]}}],"collection":[{"href":"http:\/\/zkwp-koszalin.pl\/index.php?rest_route=\/wp\/v2\/pages"}],"about":[{"href":"http:\/\/zkwp-koszalin.pl\/index.php?rest_route=\/wp\/v2\/types\/page"}],"author":[{"embeddable":true,"href":"http:\/\/zkwp-koszalin.pl\/index.php?rest_route=\/wp\/v2\/users\/1"}],"replies":[{"embeddable":true,"href":"http:\/\/zkwp-koszalin.pl\/index.php?rest_route=%2Fwp%2Fv2%2Fcomments&post=1242"}],"version-history":[{"count":9,"href":"http:\/\/zkwp-koszalin.pl\/index.php?rest_route=\/wp\/v2\/pages\/1242\/revisions"}],"predecessor-version":[{"id":1349,"href":"http:\/\/zkwp-koszalin.pl\/index.php?rest_route=\/wp\/v2\/pages\/1242\/revisions\/1349"}],"up":[{"embeddable":true,"href":"http:\/\/zkwp-koszalin.pl\/index.php?rest_route=\/wp\/v2\/pages\/74"}],"wp:attachment":[{"href":"http:\/\/zkwp-koszalin.pl\/index.php?rest_route=%2Fwp%2Fv2%2Fmedia&parent=1242"}],"curies":[{"name":"wp","href":"https:\/\/api.w.org\/{rel}","templated":true}]}}