{"id":133,"date":"2021-02-01T09:02:38","date_gmt":"2021-02-01T09:02:38","guid":{"rendered":"http:\/\/new.zwkp.nq.pl\/?page_id=133"},"modified":"2025-11-03T17:53:30","modified_gmt":"2025-11-03T17:53:30","slug":"pliki-do-pobrania","status":"publish","type":"page","link":"http:\/\/zkwp-koszalin.pl\/?page_id=133","title":{"rendered":"Pliki do pobrania"},"content":{"rendered":"\n<h3 class=\"wp-block-heading\"><strong>1.Rodow\u00f3d eksportowy<\/strong><\/h3>\n\n\n\n<div class=\"wp-block-file\"><a id=\"wp-block-file--media-76359e7e-15bc-403b-b0e4-e2fc1bc93a4a\" href=\"http:\/\/new.zwkp.nq.pl\/wp-content\/uploads\/2021\/02\/rodowod_eksportowy_-_zalacznik.docx\" target=\"_blank\" rel=\"noreferrer noopener\">Rodow\u00f3d eksportowy &#8211; za\u0142\u0105cznik<\/a><a href=\"http:\/\/new.zwkp.nq.pl\/wp-content\/uploads\/2021\/02\/rodowod_eksportowy_-_zalacznik.docx\" class=\"wp-block-file__button wp-element-button\" download aria-describedby=\"wp-block-file--media-76359e7e-15bc-403b-b0e4-e2fc1bc93a4a\">Pobierz<\/a><\/div>\n\n\n\n<p>Aby prawid\u0142owo wype\u0142ni\u0107 za\u0142\u0105cznik nale\u017cy go zapisa\u0107 na dysk, a nast\u0119pnie w celu wype\u0142nienia otworzy\u0107 w programie do edycji tekstu (np. Word).<\/p>\n\n\n\n<h3 class=\"wp-block-heading\"><strong>2. Deklaracja cz\u0142onkowska :<\/strong><\/h3>\n\n\n\n<p>Prosz\u0119&nbsp;zapozna\u0107 si\u0119 z za\u0142\u0105czonymi drukami&nbsp;oraz je wype\u0142ni\u0107:<\/p>\n\n\n\n<div class=\"wp-block-file\"><a href=\"http:\/\/zkwp-koszalin.pl\/wp-content\/uploads\/2022\/05\/nowa_deklaracja.pdf\" target=\"_blank\" rel=\"noreferrer noopener\">Deklaracja Zwi\u0105zku Kynologicznego w Polsce<\/a><a href=\"http:\/\/zkwp-koszalin.pl\/wp-content\/uploads\/2022\/05\/nowa_deklaracja.pdf\" class=\"wp-block-file__button\" download=\"\">Pobierz<\/a><\/div>\n\n\n\n<h3 class=\"wp-block-heading\"><strong>3. Inne druki:<\/strong><\/h3>\n\n\n\n<div class=\"wp-block-file\"><a id=\"wp-block-file--media-f210bcba-ca42-4a3f-8b7f-064377785e9d\" href=\"http:\/\/new.zwkp.nq.pl\/wp-content\/uploads\/2021\/02\/2020_przeglad_formularz_edytowalny.pdf\" target=\"_blank\" rel=\"noreferrer noopener\">Formularz zg\u0142oszenia na przegl\u0105d hodowlany (edytowalny)<\/a><a href=\"http:\/\/new.zwkp.nq.pl\/wp-content\/uploads\/2021\/02\/2020_przeglad_formularz_edytowalny.pdf\" class=\"wp-block-file__button wp-element-button\" download aria-describedby=\"wp-block-file--media-f210bcba-ca42-4a3f-8b7f-064377785e9d\">Pobierz<\/a><\/div>\n\n\n\n<div class=\"wp-block-file\"><a id=\"wp-block-file--media-ad2ccb12-ffaf-414c-b4e1-aa0ccff7015a\" href=\"http:\/\/zkwp-koszalin.pl\/wp-content\/uploads\/2021\/05\/wniosek-na-przeglad-kwalifikacyjny-dla-psowsuk-z-wadami-Koszalin.odt\">Wniosek na przegl\u0105d kwalifikacyjny dla ps\u00f3w\/suk z wadami<\/a><a href=\"http:\/\/zkwp-koszalin.pl\/wp-content\/uploads\/2021\/05\/wniosek-na-przeglad-kwalifikacyjny-dla-psowsuk-z-wadami-Koszalin.odt\" class=\"wp-block-file__button wp-element-button\" download aria-describedby=\"wp-block-file--media-ad2ccb12-ffaf-414c-b4e1-aa0ccff7015a\">Pobierz<\/a><\/div>\n\n\n\n<div class=\"wp-block-file\"><a id=\"wp-block-file--media-2ee739c6-4434-4559-9132-412e87148a95\" href=\"http:\/\/new.zwkp.nq.pl\/wp-content\/uploads\/2021\/02\/oswiadczenie-o-wspolwlasnosci.pdf\" target=\"_blank\" rel=\"noreferrer noopener\">O\u015bwiadczenie o wsp\u00f3\u0142w\u0142asno\u015bci<\/a><a href=\"http:\/\/new.zwkp.nq.pl\/wp-content\/uploads\/2021\/02\/oswiadczenie-o-wspolwlasnosci.pdf\" class=\"wp-block-file__button wp-element-button\" download aria-describedby=\"wp-block-file--media-2ee739c6-4434-4559-9132-412e87148a95\">Pobierz<\/a><\/div>\n\n\n\n<div class=\"wp-block-file\"><a id=\"wp-block-file--media-b3d7acff-d581-480b-8fe6-361ddaec9dda\" href=\"http:\/\/zkwp-koszalin.pl\/wp-content\/uploads\/2025\/10\/POTWIERDZENIE_ZNAKOWANIA2025.pdf\">POTWIERDZENIE ZNAKOWANIA SZCZENI\u0104T<\/a><a href=\"http:\/\/zkwp-koszalin.pl\/wp-content\/uploads\/2025\/10\/POTWIERDZENIE_ZNAKOWANIA2025.pdf\" class=\"wp-block-file__button wp-element-button\" download aria-describedby=\"wp-block-file--media-b3d7acff-d581-480b-8fe6-361ddaec9dda\">Pobierz<\/a><\/div>\n\n\n\n<div class=\"wp-block-file\"><a id=\"wp-block-file--media-1a131471-e560-490c-9108-0932bcc28ded\" href=\"http:\/\/new.zwkp.nq.pl\/wp-content\/uploads\/2021\/02\/wniosek_o_rejestracje_przydomka_hodowlanego.docx\" target=\"_blank\" rel=\"noreferrer noopener\">Wniosek o rejestracj\u0119 przydomka hodowlanego<\/a><a href=\"http:\/\/new.zwkp.nq.pl\/wp-content\/uploads\/2021\/02\/wniosek_o_rejestracje_przydomka_hodowlanego.docx\" class=\"wp-block-file__button wp-element-button\" download aria-describedby=\"wp-block-file--media-1a131471-e560-490c-9108-0932bcc28ded\">Pobierz<\/a><\/div>\n\n\n\n<div class=\"wp-block-file\"><a id=\"wp-block-file--media-16b918a2-57ab-4c75-af93-9212ee0bd2c1\" href=\"http:\/\/new.zwkp.nq.pl\/wp-content\/uploads\/2021\/02\/wniosek_o_warunek_hodowlany.pdf\" target=\"_blank\" rel=\"noreferrer noopener\">Wniosek o warunek hodowlany<\/a><a href=\"http:\/\/new.zwkp.nq.pl\/wp-content\/uploads\/2021\/02\/wniosek_o_warunek_hodowlany.pdf\" class=\"wp-block-file__button wp-element-button\" download aria-describedby=\"wp-block-file--media-16b918a2-57ab-4c75-af93-9212ee0bd2c1\">Pobierz<\/a><\/div>\n\n\n\n<div class=\"wp-block-file\"><a id=\"wp-block-file--media-e7b8f09f-60e5-4bab-8e7d-0913df08c059\" href=\"http:\/\/zkwp-koszalin.pl\/wp-content\/uploads\/2025\/10\/przeglad_miotu.pdf\">Protok\u00f3\u0142 przegl\u0105du miotu<\/a><a href=\"http:\/\/zkwp-koszalin.pl\/wp-content\/uploads\/2025\/10\/przeglad_miotu.pdf\" class=\"wp-block-file__button wp-element-button\" download aria-describedby=\"wp-block-file--media-e7b8f09f-60e5-4bab-8e7d-0913df08c059\">Pobierz<\/a><\/div>\n\n\n\n<div class=\"wp-block-file\"><a id=\"wp-block-file--media-eda63414-9753-423f-afd2-e105c3ca330c\" href=\"http:\/\/zkwp-koszalin.pl\/wp-content\/uploads\/2025\/11\/Zasady-wpelniania-dokumentow-hodowlanych.pdf\">Zasady wype\u0142niania dokumento\u0301w hodowlanych<\/a><a href=\"http:\/\/zkwp-koszalin.pl\/wp-content\/uploads\/2025\/11\/Zasady-wpelniania-dokumentow-hodowlanych.pdf\" class=\"wp-block-file__button wp-element-button\" download aria-describedby=\"wp-block-file--media-eda63414-9753-423f-afd2-e105c3ca330c\">Pobierz<\/a><\/div>\n","protected":false},"excerpt":{"rendered":"<p>1.Rodow\u00f3d eksportowy Aby prawid\u0142owo wype\u0142ni\u0107 za\u0142\u0105cznik nale\u017cy go zapisa\u0107 na dysk, a nast\u0119pnie w celu wype\u0142nienia otworzy\u0107 w programie do edycji tekstu (np. Word). 2.&hellip; <\/p>\n","protected":false},"author":1,"featured_media":0,"parent":0,"menu_order":0,"comment_status":"closed","ping_status":"closed","template":"","meta":{"footnotes":""},"class_list":["post-133","page","type-page","status-publish","hentry"],"_links":{"self":[{"href":"http:\/\/zkwp-koszalin.pl\/index.php?rest_route=\/wp\/v2\/pages\/133","targetHints":{"allow":["GET"]}}],"collection":[{"href":"http:\/\/zkwp-koszalin.pl\/index.php?rest_route=\/wp\/v2\/pages"}],"about":[{"href":"http:\/\/zkwp-koszalin.pl\/index.php?rest_route=\/wp\/v2\/types\/page"}],"author":[{"embeddable":true,"href":"http:\/\/zkwp-koszalin.pl\/index.php?rest_route=\/wp\/v2\/users\/1"}],"replies":[{"embeddable":true,"href":"http:\/\/zkwp-koszalin.pl\/index.php?rest_route=%2Fwp%2Fv2%2Fcomments&post=133"}],"version-history":[{"count":39,"href":"http:\/\/zkwp-koszalin.pl\/index.php?rest_route=\/wp\/v2\/pages\/133\/revisions"}],"predecessor-version":[{"id":3982,"href":"http:\/\/zkwp-koszalin.pl\/index.php?rest_route=\/wp\/v2\/pages\/133\/revisions\/3982"}],"wp:attachment":[{"href":"http:\/\/zkwp-koszalin.pl\/index.php?rest_route=%2Fwp%2Fv2%2Fmedia&parent=133"}],"curies":[{"name":"wp","href":"https:\/\/api.w.org\/{rel}","templated":true}]}}