{"id":282,"date":"2021-02-01T12:53:30","date_gmt":"2021-02-01T12:53:30","guid":{"rendered":"http:\/\/new.zwkp.nq.pl\/?page_id=282"},"modified":"2023-01-02T06:35:48","modified_gmt":"2023-01-02T06:35:48","slug":"czlonkostwo","status":"publish","type":"page","link":"http:\/\/zkwp-koszalin.pl\/?page_id=282","title":{"rendered":"Cz\u0142onkostwo"},"content":{"rendered":"\n<p><strong>Je\u015bli nie nale\u017cysz jeszcze do Zwi\u0105zku Kynologicznego<\/strong>.<\/p>\n\n\n\n<p>Mo\u017cesz zosta\u0107 cz\u0142onkiem i dzia\u0142aczem zwi\u0105zku nawet je\u015bli nie posiadasz psa rasowego, a jeste\u015b jedynie mi\u0142o\u015bnikiem kynologii!<br><br>Aby zosta\u0107 cz\u0142onkiem ZKwP nale\u017cy z\u0142o\u017cy\u0107 \u201eDeklaracj\u0119 cz\u0142onkowsk\u0105\u201d , kt\u00f3ra musi zosta\u0107 przyj\u0119ta przez Prezydium Oddzia\u0142u.<\/p>\n\n\n\n<p><strong>Je\u015bli chcesz wyrobi\u0107 psu\/suce rodow\u00f3d lub posiadasz rodow\u00f3d zagraniczny<\/strong>.<\/p>\n\n\n\n<p>Je\u017celi chcesz wyrobi\u0107 psu\/suce rodow\u00f3d i posiadasz metryczk\u0119 ZKwP lub posiadasz rodow\u00f3d zagraniczny, nale\u017cy z\u0142o\u017cy\u0107 druk w biurze oddzia\u0142u celem nadania numeru rejestracyjnego oraz przekazania do Zarz\u0105du G\u0142\u00f3wnego w Warszawie. Czas oczekiwania ok. 2 miesi\u0105ce.<br><br><strong>Je\u015bli chcesz wyst\u0105pi\u0107 o nadanie przydomka hodowlanego<\/strong>.<br>Posiadasz suczk\u0119 z nadanymi uprawnieniami hodowlanymi ,nale\u017cy wyst\u0105pi\u0107 o przydomek hodowlanym. Przydomek hodowlany jest niezb\u0119dny aby szczeniaczki otrzyma\u0142y metryczki. Druk dost\u0119pny jest w \u201eplikach do pobrania\u201d .Maksymalnie mo\u017cna poda\u0107 5 propozycji. Czas oczekiwania 3 miesi\u0105ce.<\/p>\n\n\n\n<p>Przed z\u0142o\u017ceniem wniosku o nadanie przydomka hodowlanego nale\u017cy sprawdzi\u0107 w <a href=\"https:\/\/zkwp.pl\/przydomki.php\" data-type=\"URL\" data-id=\"https:\/\/zkwp.pl\/przydomki.php\" target=\"_blank\" rel=\"noreferrer noopener\">wykazie nadanych przydomk\u00f3w<\/a> na stronie Zarz\u0105du G\u0142\u00f3wnego i na stronie FCI (<a rel=\"noreferrer noopener\" href=\"http:\/\/www.fci.be\/en\/affixes\/\" data-type=\"URL\" data-id=\"http:\/\/www.fci.be\/en\/affixes\/\" target=\"_blank\">tutaj<\/a>).<\/p>\n\n\n\n<p><strong>Je\u015bli chcesz wyst\u0105pi\u0107 o wyrobienie rodowodu eksportowego szczeniaczkowi.<\/strong><\/p>\n\n\n\n<p>O wyrobienie rodowodu eksportowego wyst\u0119puje hodowca. W tym celu nale\u017cy z\u0142o\u017cy\u0107 druk metryczki wraz z drukiem : rodow\u00f3d eksportowy \u2013 za\u0142\u0105cznik\u201d , kt\u00f3ry dost\u0119pny jest na naszej stronie internetowej w \u201eplikach do pobrania\u201d. Bez za\u0142\u0105cznika metryczka nie b\u0119dzie przyj\u0119ta celem wyrobienia rodowodu eksportowego.<\/p>\n\n\n\n<h3 class=\"wp-block-heading\">Sk\u0142adka cz\u0142onkowska<\/h3>\n\n\n\n<p>Informujemy, \u017ce sk\u0142adka cz\u0142onkowska wynosi 100 z\u0142 za rok.<br>Sk\u0142adki mo\u017cna op\u0142aca\u0107 w kasie oddzia\u0142u lub na konto: Bank Polska Kasa Opieki S.A. Grupa PeKaO S.A. II O\/Koszalin 95 1240 3653 1111 0000 4188 3468<br>Op\u0142acenie sk\u0142adki cz\u0142onkowskiej za rok bie\u017c\u0105cy jest warunkiem koniecznym do korzystania ze wszystkich \u015bwiadcze\u0144 Zwi\u0105zku: wystawy, hodowla, szkolenie.<\/p>\n\n\n\n<h3 class=\"wp-block-heading\">Deklaracja cz\u0142onkowska<\/h3>\n\n\n\n<p>Druk deklaracji cz\u0142onkowskiej znajduje si\u0119 na stronie &#8222;<strong>Pliki do pobrania<\/strong>&#8222;.<\/p>\n\n\n\n<div class=\"wp-block-file\"><a id=\"wp-block-file--media-4e8f722c-5da5-487d-9a47-27637d0ebea4\" href=\"http:\/\/new.zwkp.nq.pl\/wp-content\/uploads\/2021\/02\/Zgoda-na-przetwarzanie-danych-osobowych.pdf\" target=\"_blank\" rel=\"noreferrer noopener\">Zgoda na przetwarzanie danych osobowych<\/a><a href=\"http:\/\/new.zwkp.nq.pl\/wp-content\/uploads\/2021\/02\/Zgoda-na-przetwarzanie-danych-osobowych.pdf\" class=\"wp-block-file__button wp-element-button\" download aria-describedby=\"wp-block-file--media-4e8f722c-5da5-487d-9a47-27637d0ebea4\">Pobierz<\/a><\/div>\n","protected":false},"excerpt":{"rendered":"<p>Je\u015bli nie nale\u017cysz jeszcze do Zwi\u0105zku Kynologicznego. Mo\u017cesz zosta\u0107 cz\u0142onkiem i dzia\u0142aczem zwi\u0105zku nawet je\u015bli nie posiadasz psa rasowego, a jeste\u015b jedynie mi\u0142o\u015bnikiem kynologii! Aby&hellip; <\/p>\n","protected":false},"author":1,"featured_media":0,"parent":0,"menu_order":0,"comment_status":"closed","ping_status":"closed","template":"","meta":{"footnotes":""},"class_list":["post-282","page","type-page","status-publish","hentry"],"_links":{"self":[{"href":"http:\/\/zkwp-koszalin.pl\/index.php?rest_route=\/wp\/v2\/pages\/282","targetHints":{"allow":["GET"]}}],"collection":[{"href":"http:\/\/zkwp-koszalin.pl\/index.php?rest_route=\/wp\/v2\/pages"}],"about":[{"href":"http:\/\/zkwp-koszalin.pl\/index.php?rest_route=\/wp\/v2\/types\/page"}],"author":[{"embeddable":true,"href":"http:\/\/zkwp-koszalin.pl\/index.php?rest_route=\/wp\/v2\/users\/1"}],"replies":[{"embeddable":true,"href":"http:\/\/zkwp-koszalin.pl\/index.php?rest_route=%2Fwp%2Fv2%2Fcomments&post=282"}],"version-history":[{"count":6,"href":"http:\/\/zkwp-koszalin.pl\/index.php?rest_route=\/wp\/v2\/pages\/282\/revisions"}],"predecessor-version":[{"id":2245,"href":"http:\/\/zkwp-koszalin.pl\/index.php?rest_route=\/wp\/v2\/pages\/282\/revisions\/2245"}],"wp:attachment":[{"href":"http:\/\/zkwp-koszalin.pl\/index.php?rest_route=%2Fwp%2Fv2%2Fmedia&parent=282"}],"curies":[{"name":"wp","href":"https:\/\/api.w.org\/{rel}","templated":true}]}}