{"id":675,"date":"2021-02-17T13:20:53","date_gmt":"2021-02-17T13:20:53","guid":{"rendered":"http:\/\/new.zwkp.nq.pl\/?page_id=675"},"modified":"2021-02-18T07:02:27","modified_gmt":"2021-02-18T07:02:27","slug":"zgloszenie-na-przeglad-hodowlany-2","status":"publish","type":"page","link":"http:\/\/zkwp-koszalin.pl\/?page_id=675","title":{"rendered":"Zg\u0142oszenie na przegl\u0105d hodowlany"},"content":{"rendered":"\n<p>Formularz zg\u0142oszenia na przegl\u0105d hodowlany organizowany przez ZKwP Oddzia\u0142 Koszalin. Cz\u0142onkowie innych oddzia\u0142\u00f3w ZKwP musz\u0105 przedstawi\u0107 zgod\u0119 macierzystego oddzia\u0142u na udzia\u0142 w przegl\u0105dzie.<\/p>\n\n\n\n<p>Pola oznaczone&nbsp;<strong><span style=\"color:#ff0000\" class=\"has-inline-color\">*<\/span><\/strong>&nbsp;s\u0105 wymagane do przes\u0142ania formularza.<\/p>\n\n\n<div class=\"forminator-ui forminator-custom-form forminator-custom-form-679 forminator-design--default  forminator_ajax\" data-forminator-render=\"0\" data-form=\"forminator-module-679\" data-uid=\"69f1d2637e4a7\"><br\/><\/div><form\n\t\t\t\tid=\"forminator-module-679\"\n\t\t\t\tclass=\"forminator-ui forminator-custom-form forminator-custom-form-679 forminator-design--default  forminator_ajax\"\n\t\t\t\tmethod=\"post\"\n\t\t\t\tdata-forminator-render=\"0\"\n\t\t\t\tdata-form-id=\"679\"\n\t\t\t\tenctype=\"multipart\/form-data\" data-color-option=\"default\" data-design=\"default\" data-grid=\"open\" style=\"display: none;\"\n\t\t\t\tdata-uid=\"69f1d2637e4a7\"\n\t\t\t><div role=\"alert\" aria-live=\"polite\" class=\"forminator-response-message forminator-error\" aria-hidden=\"true\"><\/div><div class=\"forminator-row\"><div id=\"date-2\" class=\"forminator-field-date forminator-col forminator-col-12 \"><div class=\"forminator-field\"><label for=\"forminator-field-date-2-picker_69f1d2637e4a7\" id=\"forminator-field-date-2-picker_69f1d2637e4a7-label\" class=\"forminator-label\">Data przegl\u0105du<\/label><div class=\"forminator-input-with-icon\"><span class=\"forminator-icon-calendar\" aria-hidden=\"true\"><\/span><input autocomplete=\"off\" type=\"text\" size=\"1\" name=\"date-2\" value=\"\" placeholder=\"Wybierz dat\u0119\" id=\"forminator-field-date-2-picker_69f1d2637e4a7\" class=\"forminator-input forminator-datepicker\" data-required=\"\" data-format=\"dd-mm-yy\" data-restrict-type=\"\" data-restrict=\"\" data-start-year=\"1926\" data-end-year=\"2126\" data-past-dates=\"enable\" data-start-of-week=\"1\" data-start-date=\"\" data-end-date=\"\" data-start-field=\"\" data-end-field=\"\" data-start-offset=\"\" data-end-offset=\"\" data-disable-date=\"\" data-disable-range=\"\" \/><\/div><\/div><\/div><\/div><div class=\"forminator-row\"><div id=\"html-1\" class=\"forminator-field-html forminator-col forminator-col-12 \"><div class=\"forminator-field forminator-merge-tags\" data-field=\"html-1\"><p align=\"center\">Dane w\u0142a\u015bciciela:<\/p><\/div><\/div><\/div><div class=\"forminator-row\"><div id=\"name-1\" class=\"forminator-field-name forminator-col forminator-col-6 \"><div class=\"forminator-field\"><label for=\"forminator-field-name-1_69f1d2637e4a7\" id=\"forminator-field-name-1_69f1d2637e4a7-label\" class=\"forminator-label\">Imi\u0119 i nazwisko w\u0142a\u015bciciela psa\/suki <span class=\"forminator-required\">*<\/span><\/label><input type=\"text\" name=\"name-1\" value=\"\" placeholder=\"\" id=\"forminator-field-name-1_69f1d2637e4a7\" class=\"forminator-input forminator-name--field\" aria-required=\"true\" autocomplete=\"name\" \/><\/div><\/div><div id=\"name-2\" class=\"forminator-field-name forminator-col forminator-col-6 \"><div class=\"forminator-field\"><label for=\"forminator-field-name-2_69f1d2637e4a7\" id=\"forminator-field-name-2_69f1d2637e4a7-label\" class=\"forminator-label\">Oddzia\u0142 macierzysty ZKwP w\u0142a\u015bciciela psa\/suki <span class=\"forminator-required\">*<\/span><\/label><input type=\"text\" name=\"name-2\" value=\"\" placeholder=\"\" id=\"forminator-field-name-2_69f1d2637e4a7\" class=\"forminator-input forminator-name--field\" aria-required=\"true\" autocomplete=\"name\" \/><\/div><\/div><\/div><div class=\"forminator-row\"><div id=\"name-11\" class=\"forminator-field-name forminator-col forminator-col-6 \"><div class=\"forminator-field\"><label for=\"forminator-field-name-11_69f1d2637e4a7\" id=\"forminator-field-name-11_69f1d2637e4a7-label\" class=\"forminator-label\">Ulica <span class=\"forminator-required\">*<\/span><\/label><input type=\"text\" name=\"name-11\" value=\"\" placeholder=\"\" id=\"forminator-field-name-11_69f1d2637e4a7\" class=\"forminator-input forminator-name--field\" aria-required=\"true\" autocomplete=\"name\" \/><\/div><\/div><div id=\"name-12\" class=\"forminator-field-name forminator-col forminator-col-6 \"><div class=\"forminator-field\"><label for=\"forminator-field-name-12_69f1d2637e4a7\" id=\"forminator-field-name-12_69f1d2637e4a7-label\" class=\"forminator-label\">Numer domu\/mieszkania <span class=\"forminator-required\">*<\/span><\/label><input type=\"text\" name=\"name-12\" value=\"\" placeholder=\"\" id=\"forminator-field-name-12_69f1d2637e4a7\" class=\"forminator-input forminator-name--field\" aria-required=\"true\" autocomplete=\"name\" \/><\/div><\/div><\/div><div class=\"forminator-row\"><div id=\"name-13\" class=\"forminator-field-name forminator-col forminator-col-6 \"><div class=\"forminator-field\"><label for=\"forminator-field-name-13_69f1d2637e4a7\" id=\"forminator-field-name-13_69f1d2637e4a7-label\" class=\"forminator-label\">Kod pocztowy <span class=\"forminator-required\">*<\/span><\/label><input type=\"text\" name=\"name-13\" value=\"\" placeholder=\"\" id=\"forminator-field-name-13_69f1d2637e4a7\" class=\"forminator-input forminator-name--field\" aria-required=\"true\" autocomplete=\"name\" \/><\/div><\/div><div id=\"name-14\" class=\"forminator-field-name forminator-col forminator-col-6 \"><div class=\"forminator-field\"><label for=\"forminator-field-name-14_69f1d2637e4a7\" id=\"forminator-field-name-14_69f1d2637e4a7-label\" class=\"forminator-label\">Miasto <span class=\"forminator-required\">*<\/span><\/label><input type=\"text\" name=\"name-14\" value=\"\" placeholder=\"\" id=\"forminator-field-name-14_69f1d2637e4a7\" class=\"forminator-input forminator-name--field\" aria-required=\"true\" autocomplete=\"name\" \/><\/div><\/div><\/div><div class=\"forminator-row\"><div id=\"phone-1\" class=\"forminator-field-phone forminator-col forminator-col-6 \"><div class=\"forminator-field\"><label for=\"forminator-field-phone-1_69f1d2637e4a7\" id=\"forminator-field-phone-1_69f1d2637e4a7-label\" class=\"forminator-label\">Numer telefonu <span class=\"forminator-required\">*<\/span><\/label><input type=\"text\" name=\"phone-1\" value=\"\" placeholder=\"\" id=\"forminator-field-phone-1_69f1d2637e4a7\" class=\"forminator-input forminator-field--phone\" data-required=\"1\" aria-required=\"true\" autocomplete=\"off\" \/><\/div><\/div><div id=\"email-1\" class=\"forminator-field-email forminator-col forminator-col-6 \"><div class=\"forminator-field\"><label for=\"forminator-field-email-1_69f1d2637e4a7\" id=\"forminator-field-email-1_69f1d2637e4a7-label\" class=\"forminator-label\">Adres email <span class=\"forminator-required\">*<\/span><\/label><input type=\"email\" name=\"email-1\" value=\"\" placeholder=\"\" id=\"forminator-field-email-1_69f1d2637e4a7\" class=\"forminator-input forminator-email--field\" data-required=\"1\" aria-required=\"true\" autocomplete=\"email\" \/><\/div><\/div><\/div><div class=\"forminator-row\"><div id=\"html-2\" class=\"forminator-field-html forminator-col forminator-col-12 \"><div class=\"forminator-field forminator-merge-tags\" data-field=\"html-2\"><p align=\"center\">Dane psa:<\/p><\/div><\/div><\/div><div class=\"forminator-row\"><div id=\"name-8\" class=\"forminator-field-name forminator-col forminator-col-6 \"><div class=\"forminator-field\"><label for=\"forminator-field-name-8_69f1d2637e4a7\" id=\"forminator-field-name-8_69f1d2637e4a7-label\" class=\"forminator-label\">Rasa <span class=\"forminator-required\">*<\/span><\/label><input type=\"text\" name=\"name-8\" value=\"\" placeholder=\"\" id=\"forminator-field-name-8_69f1d2637e4a7\" class=\"forminator-input forminator-name--field\" aria-required=\"true\" autocomplete=\"name\" \/><\/div><\/div><div id=\"name-3\" class=\"forminator-field-name forminator-col forminator-col-6 \"><div class=\"forminator-field\"><label for=\"forminator-field-name-3_69f1d2637e4a7\" id=\"forminator-field-name-3_69f1d2637e4a7-label\" class=\"forminator-label\">Imi\u0119 i przydomek hodowlany <span class=\"forminator-required\">*<\/span><\/label><input type=\"text\" name=\"name-3\" value=\"\" placeholder=\"\" id=\"forminator-field-name-3_69f1d2637e4a7\" class=\"forminator-input forminator-name--field\" aria-required=\"true\" autocomplete=\"name\" \/><\/div><\/div><\/div><div class=\"forminator-row\"><div id=\"select-3\" class=\"forminator-field-select forminator-col forminator-col-6 \"><div class=\"forminator-field\"><label for=\"forminator-form-679__field--select-3_69f1d2637e4a7\" id=\"forminator-form-679__field--select-3_69f1d2637e4a7-label\" class=\"forminator-label\">P\u0142e\u0107 <span class=\"forminator-required\">*<\/span><\/label><select  id=\"forminator-form-679__field--select-3_69f1d2637e4a7\" class=\"forminator-select--field forminator-select2 forminator-select2-multiple\" data-required=\"1\" name=\"select-3\" data-default-value=\"\" data-placeholder=\"P\u0142e\u0107\" data-search=\"false\" data-search-placeholder=\"P\u0142e\u0107\" data-checkbox=\"false\" data-allow-clear=\"false\" aria-labelledby=\"forminator-form-679__field--select-3_69f1d2637e4a7-label\"><option value=\"\"  >P\u0142e\u0107<\/option><option value=\"pies\"  data-calculation=\"0\">Pies<\/option><option value=\"suka\"  data-calculation=\"0\">Suka<\/option><\/select><\/div><\/div><div id=\"date-1\" class=\"forminator-field-date forminator-col forminator-col-6 \"><div class=\"forminator-field\"><label for=\"forminator-field-date-1-picker_69f1d2637e4a7\" id=\"forminator-field-date-1-picker_69f1d2637e4a7-label\" class=\"forminator-label\">Data urodzenia psa\/suki <span class=\"forminator-required\">*<\/span><\/label><div class=\"forminator-input-with-icon\"><span class=\"forminator-icon-calendar\" aria-hidden=\"true\"><\/span><input autocomplete=\"off\" type=\"text\" size=\"1\" name=\"date-1\" value=\"\" placeholder=\"Wybierz dat\u0119\" id=\"forminator-field-date-1-picker_69f1d2637e4a7\" class=\"forminator-input forminator-datepicker\" data-required=\"1\" data-format=\"mm\/dd\/yy\" data-restrict-type=\"\" data-restrict=\"\" data-start-year=\"1926\" data-end-year=\"2126\" data-past-dates=\"enable\" data-start-of-week=\"1\" data-start-date=\"\" data-end-date=\"\" data-start-field=\"\" data-end-field=\"\" data-start-offset=\"\" data-end-offset=\"\" data-disable-date=\"\" data-disable-range=\"\" \/><\/div><\/div><\/div><\/div><div class=\"forminator-row\"><div id=\"name-7\" class=\"forminator-field-name forminator-col forminator-col-6 \"><div class=\"forminator-field\"><label for=\"forminator-field-name-7_69f1d2637e4a7\" id=\"forminator-field-name-7_69f1d2637e4a7-label\" class=\"forminator-label\">Numer PKR <span class=\"forminator-required\">*<\/span><\/label><input type=\"text\" name=\"name-7\" value=\"\" placeholder=\"\" id=\"forminator-field-name-7_69f1d2637e4a7\" class=\"forminator-input forminator-name--field\" aria-required=\"true\" autocomplete=\"name\" \/><\/div><\/div><div id=\"name-9\" class=\"forminator-field-name forminator-col forminator-col-6 \"><div class=\"forminator-field\"><label for=\"forminator-field-name-9_69f1d2637e4a7\" id=\"forminator-field-name-9_69f1d2637e4a7-label\" class=\"forminator-label\">Numer rejestracyjny psa\/suki <span class=\"forminator-required\">*<\/span><\/label><input type=\"text\" name=\"name-9\" value=\"\" placeholder=\"\" id=\"forminator-field-name-9_69f1d2637e4a7\" class=\"forminator-input forminator-name--field\" aria-required=\"true\" autocomplete=\"name\" \/><\/div><\/div><\/div><div class=\"forminator-row\"><div id=\"name-6\" class=\"forminator-field-name forminator-col forminator-col-6 \"><div class=\"forminator-field\"><label for=\"forminator-field-name-6_69f1d2637e4a7\" id=\"forminator-field-name-6_69f1d2637e4a7-label\" class=\"forminator-label\">Umaszczenie <span class=\"forminator-required\">*<\/span><\/label><input type=\"text\" name=\"name-6\" value=\"\" placeholder=\"\" id=\"forminator-field-name-6_69f1d2637e4a7\" class=\"forminator-input forminator-name--field\" aria-required=\"true\" autocomplete=\"name\" \/><\/div><\/div><div id=\"name-10\" class=\"forminator-field-name forminator-col forminator-col-6 \"><div class=\"forminator-field\"><label for=\"forminator-field-name-10_69f1d2637e4a7\" id=\"forminator-field-name-10_69f1d2637e4a7-label\" class=\"forminator-label\">Tatua\u017c\/chip <span class=\"forminator-required\">*<\/span><\/label><input type=\"text\" name=\"name-10\" value=\"\" placeholder=\"\" id=\"forminator-field-name-10_69f1d2637e4a7\" class=\"forminator-input forminator-name--field\" aria-required=\"true\" autocomplete=\"name\" \/><\/div><\/div><\/div><div class=\"forminator-row\"><div id=\"upload-1\" class=\"forminator-field-upload forminator-col forminator-col-12 \"><div class=\"forminator-field\"><label for=\"forminator-field-upload-1_69f1d2637e4a7\" id=\"forminator-field-upload-1_69f1d2637e4a7-label\" class=\"forminator-label\">Zgoda oddzia\u0142u macierzystego na udzia\u0142 w przegl\u0105dzie (dla cz\u0142onk\u00f3w innych oddzia\u0142\u00f3w ZKwP)<\/label><div class=\"forminator-file-upload \" data-element=\"upload-1_69f1d2637e4a7\"><input type=\"file\" name=\"upload-1\" id=\"forminator-field-upload-1_69f1d2637e4a7\" class=\"forminator-input-file\" accept=\".jpg,.jpeg,.jpe,.gif,.png,.bmp,.tiff,.tif,.ico,.heic,.asf,.asx,.wmv,.wmx,.wm,.avi,.divx,.flv,.mov,.qt,.mpeg,.mpg,.mpe,.mp4,.m4v,.ogv,.webm,.mkv,.3gp,.3gpp,.3g2,.3gp2,.txt,.asc,.c,.cc,.h,.srt,.csv,.tsv,.ics,.rtx,.vtt,.mp3,.m4a,.m4b,.aac,.ra,.ram,.wav,.ogg,.oga,.flac,.mid,.midi,.wma,.wax,.mka,.rtf,.pdf,.class,.tar,.zip,.gz,.gzip,.7z,.psd,.xcf,.doc,.pot,.pps,.ppt,.wri,.xla,.xls,.xlt,.xlw,.mdb,.mpp,.docx,.docm,.dotx,.dotm,.xlsx,.xlsm,.xlsb,.xltx,.xltm,.xlam,.pptx,.pptm,.ppsx,.ppsm,.potx,.potm,.ppam,.sldx,.sldm,.onetoc,.onetoc2,.onetmp,.onepkg,.oxps,.xps,.odt,.odp,.ods,.odg,.odc,.odb,.odf,.wp,.wpd,.key,.numbers,.pages\" tabindex=\"-1\"><button id=\"forminator-field-upload-1_69f1d2637e4a7_button\" class=\"forminator-button forminator-button-upload\" data-id=\"forminator-field-upload-1_69f1d2637e4a7\">Wybierz plik<\/button><span data-empty-text=\"Nie wybrano \u017cadnego pliku\">Nie wybrano \u017cadnego pliku<\/span><button class=\"forminator-button-delete\" style=\"display: none;\"><i class=\"forminator-icon-close\" aria-hidden=\"true\"><\/i><span class=\"forminator-screen-reader-only\">Usu\u0144 przes\u0142any plik<\/span><\/button><\/div><\/div><\/div><\/div><div class=\"forminator-row\"><div id=\"upload-2\" class=\"forminator-field-upload forminator-col forminator-col-12 \"><div class=\"forminator-field\"><label for=\"forminator-field-upload-2_69f1d2637e4a7\" id=\"forminator-field-upload-2_69f1d2637e4a7-label\" class=\"forminator-label\">Potwierdzenie wniesienia op\u0142aty za przegl\u0105d hodowlany<\/label><div class=\"forminator-file-upload \" data-element=\"upload-2_69f1d2637e4a7\"><input type=\"file\" name=\"upload-2\" id=\"forminator-field-upload-2_69f1d2637e4a7\" class=\"forminator-input-file\" accept=\".jpg,.jpeg,.jpe,.gif,.png,.bmp,.tiff,.tif,.ico,.heic,.asf,.asx,.wmv,.wmx,.wm,.avi,.divx,.flv,.mov,.qt,.mpeg,.mpg,.mpe,.mp4,.m4v,.ogv,.webm,.mkv,.3gp,.3gpp,.3g2,.3gp2,.txt,.asc,.c,.cc,.h,.srt,.csv,.tsv,.ics,.rtx,.vtt,.mp3,.m4a,.m4b,.aac,.ra,.ram,.wav,.ogg,.oga,.flac,.mid,.midi,.wma,.wax,.mka,.rtf,.pdf,.class,.tar,.zip,.gz,.gzip,.7z,.psd,.xcf,.doc,.pot,.pps,.ppt,.wri,.xla,.xls,.xlt,.xlw,.mdb,.mpp,.docx,.docm,.dotx,.dotm,.xlsx,.xlsm,.xlsb,.xltx,.xltm,.xlam,.pptx,.pptm,.ppsx,.ppsm,.potx,.potm,.ppam,.sldx,.sldm,.onetoc,.onetoc2,.onetmp,.onepkg,.oxps,.xps,.odt,.odp,.ods,.odg,.odc,.odb,.odf,.wp,.wpd,.key,.numbers,.pages\" tabindex=\"-1\"><button id=\"forminator-field-upload-2_69f1d2637e4a7_button\" class=\"forminator-button forminator-button-upload\" data-id=\"forminator-field-upload-2_69f1d2637e4a7\">Wybierz plik<\/button><span data-empty-text=\"Nie wybrano \u017cadnego pliku\">Nie wybrano \u017cadnego pliku<\/span><button class=\"forminator-button-delete\" style=\"display: none;\"><i class=\"forminator-icon-close\" aria-hidden=\"true\"><\/i><span class=\"forminator-screen-reader-only\">Usu\u0144 przes\u0142any plik<\/span><\/button><\/div><\/div><\/div><\/div><div class=\"forminator-row\"><div id=\"checkbox-1\" class=\"forminator-field-checkbox forminator-col forminator-col-6 \"><div role=\"group\" class=\"forminator-field required\" aria-labelledby=\"forminator-checkbox-group-forminator-field-checkbox-1-69f1d2637e4a7-label\"><span id=\"forminator-checkbox-group-forminator-field-checkbox-1-69f1d2637e4a7-label\" class=\"forminator-label\">Wymagane <span class=\"forminator-required\">*<\/span><\/span><label id=\"forminator-field-checkbox-1-1-69f1d2637e4a7-label\" for=\"forminator-field-checkbox-1-1-69f1d2637e4a7\" class=\"forminator-checkbox\" title=\"O\u015bwiadczam, \u017ce zapozna\u0142em si\u0119 z klauzul\u0105 informacyjn\u0105 o przetwarzaniu danych osobowych i wyra\u017cam zgod\u0119 na przetwarzanie moich danych osobowych przez ZKwP Oddzia\u0142 w Koszalinie.\"><input type=\"checkbox\" name=\"checkbox-1[]\" value=\"owiadczam-e-zapoznaem-si-z-klauzul-informacyjn-o-przetwarzaniu-danych-osobowych-i-wyraam-zgod-na-przetwarzanie-moich-danych-osobowych-przez-zkwp-oddzia-w-koszalinie\" id=\"forminator-field-checkbox-1-1-69f1d2637e4a7\" aria-labelledby=\"forminator-field-checkbox-1-1-69f1d2637e4a7-label\" data-calculation=\"0\"  \/><span class=\"forminator-checkbox-box\" aria-hidden=\"true\"><\/span><span class=\"forminator-checkbox-label\">O\u015bwiadczam, \u017ce zapozna\u0142em si\u0119 z klauzul\u0105 informacyjn\u0105 o przetwarzaniu danych osobowych i wyra\u017cam zgod\u0119 na przetwarzanie moich danych osobowych przez ZKwP Oddzia\u0142 w Koszalinie.<\/span><\/label><\/div><\/div><div id=\"checkbox-2\" class=\"forminator-field-checkbox forminator-col forminator-col-6 \"><div role=\"group\" class=\"forminator-field required\" aria-labelledby=\"forminator-checkbox-group-forminator-field-checkbox-2-69f1d2637e4a7-label\"><span id=\"forminator-checkbox-group-forminator-field-checkbox-2-69f1d2637e4a7-label\" class=\"forminator-label\">Wymagane <span class=\"forminator-required\">*<\/span><\/span><label id=\"forminator-field-checkbox-2-1-69f1d2637e4a7-label\" for=\"forminator-field-checkbox-2-1-69f1d2637e4a7\" class=\"forminator-checkbox\" title=\"O\u015bwiadczam, \u017ce posiadam op\u0142acon\u0105 sk\u0142adk\u0119 cz\u0142onkowsk\u0105 ZKwP za rok bie\u017c\u0105cy. Op\u0142acenie sk\u0142adki jest warunkiem korzystania ze \u015bwiadcze\u0144 Zwi\u0105zku i udzia\u0142u w przegl\u0105dzie hodowlanym.\"><input type=\"checkbox\" name=\"checkbox-2[]\" value=\"owiadczam-e-posiadam-opacon-skadk-czonkowsk-zkwp-za-rok-biecy-opacenie-skadki-jest-warunkiem-korzystania-ze-wiadcze-zwizku-i-udziau-w-przegldzie-hodowlanym\" id=\"forminator-field-checkbox-2-1-69f1d2637e4a7\" aria-labelledby=\"forminator-field-checkbox-2-1-69f1d2637e4a7-label\" data-calculation=\"0\"  \/><span class=\"forminator-checkbox-box\" aria-hidden=\"true\"><\/span><span class=\"forminator-checkbox-label\">O\u015bwiadczam, \u017ce posiadam op\u0142acon\u0105 sk\u0142adk\u0119 cz\u0142onkowsk\u0105 ZKwP za rok bie\u017c\u0105cy. Op\u0142acenie sk\u0142adki jest warunkiem korzystania ze \u015bwiadcze\u0144 Zwi\u0105zku i udzia\u0142u w przegl\u0105dzie hodowlanym.<\/span><\/label><\/div><\/div><\/div><input type=\"hidden\" name=\"referer_url\" value=\"\" \/><div class=\"forminator-row forminator-row-last\"><div class=\"forminator-col\"><div class=\"forminator-field\"><button class=\"forminator-button forminator-button-submit\">Wy\u015blij zg\u0142oszenie<\/button><\/div><\/div><\/div><input type=\"hidden\" id=\"forminator_nonce\" name=\"forminator_nonce\" value=\"114c64126b\" \/><input type=\"hidden\" name=\"_wp_http_referer\" value=\"\/index.php?rest_route=%2Fwp%2Fv2%2Fpages%2F675\" \/><input type=\"hidden\" name=\"form_id\" value=\"679\"><input type=\"hidden\" name=\"page_id\" value=\"675\"><input type=\"hidden\" name=\"form_type\" value=\"default\"><input type=\"hidden\" name=\"current_url\" value=\"http:\/\/zkwp-koszalin.pl\/?page_id=675\"><input type=\"hidden\" name=\"render_id\" value=\"0\"><input type=\"hidden\" name=\"action\" value=\"forminator_submit_form_custom-forms\"><\/form>\n","protected":false},"excerpt":{"rendered":"<p>Formularz zg\u0142oszenia na przegl\u0105d hodowlany organizowany przez ZKwP Oddzia\u0142 Koszalin. Cz\u0142onkowie innych oddzia\u0142\u00f3w ZKwP musz\u0105 przedstawi\u0107 zgod\u0119 macierzystego oddzia\u0142u na udzia\u0142 w przegl\u0105dzie. Pola oznaczone&nbsp;*&nbsp;s\u0105&hellip; <\/p>\n","protected":false},"author":1,"featured_media":0,"parent":0,"menu_order":0,"comment_status":"closed","ping_status":"closed","template":"","meta":{"footnotes":""},"class_list":["post-675","page","type-page","status-publish","hentry"],"_links":{"self":[{"href":"http:\/\/zkwp-koszalin.pl\/index.php?rest_route=\/wp\/v2\/pages\/675","targetHints":{"allow":["GET"]}}],"collection":[{"href":"http:\/\/zkwp-koszalin.pl\/index.php?rest_route=\/wp\/v2\/pages"}],"about":[{"href":"http:\/\/zkwp-koszalin.pl\/index.php?rest_route=\/wp\/v2\/types\/page"}],"author":[{"embeddable":true,"href":"http:\/\/zkwp-koszalin.pl\/index.php?rest_route=\/wp\/v2\/users\/1"}],"replies":[{"embeddable":true,"href":"http:\/\/zkwp-koszalin.pl\/index.php?rest_route=%2Fwp%2Fv2%2Fcomments&post=675"}],"version-history":[{"count":4,"href":"http:\/\/zkwp-koszalin.pl\/index.php?rest_route=\/wp\/v2\/pages\/675\/revisions"}],"predecessor-version":[{"id":683,"href":"http:\/\/zkwp-koszalin.pl\/index.php?rest_route=\/wp\/v2\/pages\/675\/revisions\/683"}],"wp:attachment":[{"href":"http:\/\/zkwp-koszalin.pl\/index.php?rest_route=%2Fwp%2Fv2%2Fmedia&parent=675"}],"curies":[{"name":"wp","href":"https:\/\/api.w.org\/{rel}","templated":true}]}}