{"id":82,"date":"2021-01-29T09:59:55","date_gmt":"2021-01-29T09:59:55","guid":{"rendered":"http:\/\/new.zwkp.nq.pl\/?page_id=82"},"modified":"2026-04-08T08:06:49","modified_gmt":"2026-04-08T08:06:49","slug":"sekcje","status":"publish","type":"page","link":"http:\/\/zkwp-koszalin.pl\/?page_id=82","title":{"rendered":"Sekcje"},"content":{"rendered":"\n<figure class=\"wp-block-table is-style-stripes\"><table><tbody><tr><td><strong>Nazwa sekcji:<\/strong><\/td><td><strong>Kierownik sekcji:<\/strong><\/td><td><strong>Dzia\u0142acze:<\/strong><\/td><td><strong>Dy\u017cury:<\/strong><\/td><\/tr><tr><td>Gr. 1 -Owczarki i inne psy pasterskie (bez ON)<\/td><td>S\u0119dzia Grzegorz Wolski<br>tel. 533 152 256<\/td><td>Asystent Patrycja Zieli\u0144ska, Asystent Natalia Ostojska<\/td><td>wtorek 17-19<\/td><\/tr><tr><td>Gr. 1 -Owczarki niemieckie<\/td><td>Dariusz Lorenc, tel. 509 994 514<\/td><td><\/td><td>pierwszy i trzeci pi\u0105tek miesi\u0105ca 17-19<\/td><\/tr><tr><td>Gr. 2 -Molosy, szwajcarskie psy pasterskie<\/td><td>S\u0119dzia Alicja Mech<\/td><td>Z-ca kierownika Asystent Izabela Stankiewicz,<br>Dagmara Plichta<\/td><td>wtorek 17-19<\/td><\/tr><tr><td>Gr. 2. &#8211; Boksery<\/td><td>S\u0119dzia Izabela Ole\u015b, tel. 608-637-556<\/td><td>Beata Skonieczka-Firlej, Andrzej P\u0142achta<\/td><td>pi\u0105tek 17-19<\/td><\/tr><tr><td>Gr. 2. -Sznaucery, pinczery<\/td><td>S\u0119dzia Izabela Ole\u015b, tel. 608-637-556<\/td><td><\/td><td>wtorek 17-19<\/td><\/tr><tr><td>Gr. 3 -Teriery du\u017ce, ma\u0142e, \u015brednie<\/td><td>S\u0119dzia Andrzej P\u0142awi\u0144ski tel.601-834-623<\/td><td><\/td><td>wtorek 17-19<\/td><\/tr><tr><td>Gr. 3 &#8211; Teriery typu bull<\/td><td>Asystent Mateusz Kozie\u0142<\/td><td><\/td><td>wtorek 17-19<\/td><\/tr><tr><td>Gr. 4 -Jamniki<\/td><td>Dorota Rykaczewska tel.505-760-911<\/td><td>Asystent Anna Sta\u0144czyk, S\u0119dzia Aleksandra Zukal<\/td><td>pi\u0105tek 17-19<\/td><\/tr><tr><td>Gr. 5 -Szpice i psy w typie pierwotnym<\/td><td>S\u0119dzia Grzegorz Wolski, tel. 533-152-256<\/td><td>Asystent Klaudia Szkudlarska<\/td><td>pi\u0105tek 17-19<\/td><\/tr><tr><td>Gr. 6 -Psy go\u0144cze du\u017ce \u015brednie i ma\u0142e<\/td><td>Asystent Marta Jaworska<\/td><td>Asystent Anna Sta\u0144czyk, Asystent Dorota Rykaczewska, Anna Osi\u0144ska Janik<\/td><td>pi\u0105tek 17-19<\/td><\/tr><tr><td>Gr. 6 &#8211; Posokowce i rasy pokrewne<\/td><td>Asystent Anna Sta\u0144czyk<\/td><td>Asystent Marta Jaworska, Asystent Dorota Rykaczewska, Anna Osi\u0144ska Janik<\/td><td>pi\u0105tek 17-19<\/td><\/tr><tr><td>Gr. 7 -Wy\u017c\u0142y<\/td><td>S\u0119dzia Aleksandra Zukal tel. 605 743 943<\/td><td><\/td><td><br>wtorek 17-19<\/td><\/tr><tr><td>Gr. 8 &#8211; Aportery, p\u0142ochacze i psy dowodowe<\/td><td>S\u0119dzia Aleksandra Zukal tel. 605 743 943<\/td><td>Asystent Krzysztof Wi\u015bniewski, Asystent Izabela Stankiewicz<\/td><td>pi\u0105tek 17-19<\/td><\/tr><tr><td>Gr. 9 &#8211; Psy ozdobne i do towarzystwa<\/td><td>Asystent: Joanna Chru\u015bcicka tel.600-982-196<\/td><td>Asystent Kamila Chru\u015bcicka<br>S\u0119dzia Izabela Ole\u015b<\/td><td>pi\u0105tek 17-19<\/td><\/tr><tr><td>Gr. 9 &#8211; Ma\u0142e molosy<\/td><td>Izabela Ole\u015b tel. 608-637-556<\/td><td><\/td><td>wtorek 17-19<\/td><\/tr><tr><td>Gr. 10 &#8211; Charty<\/td><td>S\u0119dzia Grzegorz Wolski, tel. 533-152-256<\/td><td>S\u0119dzia Aleksandra Zukal<\/td><td>pi\u0105tek 17-19<\/td><\/tr><tr><td>Gr. 11 &#8211; Rasy nieuznane<\/td><td>Asystent Renata Wielechowska<\/td><td>S\u0119dzia Aleksandra Zukal<\/td><td>pi\u0105tek 17-19<\/td><\/tr><tr><td>M\u0142ody prezenter<\/td><td>S\u0119dzia Izabela Ole\u015b tel. 608 637 556<\/td><td><\/td><td>wtorek 17-19<\/td><\/tr><\/tbody><\/table><\/figure>\n","protected":false},"excerpt":{"rendered":"<p>Nazwa sekcji: Kierownik sekcji: Dzia\u0142acze: Dy\u017cury: Gr. 1 -Owczarki i inne psy pasterskie (bez ON) S\u0119dzia Grzegorz Wolskitel. 533 152 256 Asystent Patrycja Zieli\u0144ska, Asystent&hellip; <\/p>\n","protected":false},"author":1,"featured_media":0,"parent":0,"menu_order":0,"comment_status":"closed","ping_status":"closed","template":"","meta":{"footnotes":""},"class_list":["post-82","page","type-page","status-publish","hentry"],"a3_pvc":{"activated":false,"total_views":0,"today_views":0},"_links":{"self":[{"href":"http:\/\/zkwp-koszalin.pl\/index.php?rest_route=\/wp\/v2\/pages\/82","targetHints":{"allow":["GET"]}}],"collection":[{"href":"http:\/\/zkwp-koszalin.pl\/index.php?rest_route=\/wp\/v2\/pages"}],"about":[{"href":"http:\/\/zkwp-koszalin.pl\/index.php?rest_route=\/wp\/v2\/types\/page"}],"author":[{"embeddable":true,"href":"http:\/\/zkwp-koszalin.pl\/index.php?rest_route=\/wp\/v2\/users\/1"}],"replies":[{"embeddable":true,"href":"http:\/\/zkwp-koszalin.pl\/index.php?rest_route=%2Fwp%2Fv2%2Fcomments&post=82"}],"version-history":[{"count":29,"href":"http:\/\/zkwp-koszalin.pl\/index.php?rest_route=\/wp\/v2\/pages\/82\/revisions"}],"predecessor-version":[{"id":4264,"href":"http:\/\/zkwp-koszalin.pl\/index.php?rest_route=\/wp\/v2\/pages\/82\/revisions\/4264"}],"wp:attachment":[{"href":"http:\/\/zkwp-koszalin.pl\/index.php?rest_route=%2Fwp%2Fv2%2Fmedia&parent=82"}],"curies":[{"name":"wp","href":"https:\/\/api.w.org\/{rel}","templated":true}]}}